{"id":19113,"date":"2021-07-02T10:46:54","date_gmt":"2021-07-02T10:46:54","guid":{"rendered":"https:\/\/esp.wpresidence.net\/?page_id=19113"},"modified":"2025-12-19T06:41:43","modified_gmt":"2025-12-19T06:41:43","slug":"conocenos","status":"publish","type":"page","link":"https:\/\/pycliving.com\/en\/conocenos\/","title":{"rendered":"meet us at"},"content":{"rendered":"<div data-elementor-type=\"wp-page\" data-elementor-id=\"19113\" class=\"elementor elementor-19113\" data-elementor-post-type=\"page\">\n\t\t\t\t<div class=\"elementor-element elementor-element-5ca13ea e-flex e-con-boxed e-con e-parent\" data-id=\"5ca13ea\" data-element_type=\"container\" data-e-type=\"container\" data-settings=\"{&quot;background_background&quot;:&quot;classic&quot;}\">\n\t\t\t\t\t<div class=\"e-con-inner\">\n\t\t<div class=\"elementor-element elementor-element-9781aab e-con-full e-flex e-con e-child\" data-id=\"9781aab\" data-element_type=\"container\" data-e-type=\"container\">\n\t\t<div class=\"elementor-element elementor-element-0ad34b8 e-con-full e-flex e-con e-child\" data-id=\"0ad34b8\" data-element_type=\"container\" data-e-type=\"container\">\n\t\t\t\t<div class=\"elementor-element elementor-element-cece302 elementor-widget elementor-widget-elementskit-heading\" data-id=\"cece302\" data-element_type=\"widget\" data-e-type=\"widget\" data-widget_type=\"elementskit-heading.default\">\n\t\t\t\t<div class=\"elementor-widget-container\">\n\t\t\t\t\t<div class=\"ekit-wid-con\" ><div class=\"ekit-heading elementskit-section-title-wraper text_left   ekit_heading_tablet-   ekit_heading_mobile-text_center\"><h3 class=\"elementskit-section-subtitle\">\n\t\t\t\t\t\tYour investment is secure with us\n\t\t\t\t\t<\/h3><h2 class=\"ekit-heading--title elementskit-section-title translation-block\">Your success is our story<\/h2>\t\t\t\t<div class='ekit-heading__description'>\n\t\t\t\t\t<p>We are real estate experts dedicated to connecting your dreams with the market\u2019s best opportunities. We guarantee transparency, security, and personalized guidance to ensure every investment or new home is a total success.<\/p>\n\t\t\t\t<\/div>\n\t\t\t<\/div><\/div>\t\t\t\t<\/div>\n\t\t\t\t<\/div>\n\t\t\t\t<\/div>\n\t\t\t\t<\/div>\n\t\t\t\t\t<\/div>\n\t\t\t\t<\/div>\n\t\t<div class=\"elementor-element elementor-element-741106e e-flex e-con-boxed e-con e-parent\" data-id=\"741106e\" data-element_type=\"container\" data-e-type=\"container\">\n\t\t\t\t\t<div class=\"e-con-inner\">\n\t\t<div class=\"elementor-element elementor-element-621bf246 e-con-full e-flex e-con e-child\" data-id=\"621bf246\" data-element_type=\"container\" data-e-type=\"container\">\n\t\t\t\t<div class=\"elementor-element elementor-element-46b1b12d elementor-widget elementor-widget-elementskit-heading\" data-id=\"46b1b12d\" data-element_type=\"widget\" data-e-type=\"widget\" data-widget_type=\"elementskit-heading.default\">\n\t\t\t\t<div class=\"elementor-widget-container\">\n\t\t\t\t\t<div class=\"ekit-wid-con\" ><div class=\"ekit-heading elementskit-section-title-wraper text_left   ekit_heading_tablet-   ekit_heading_mobile-\"><h4 class=\"elementskit-section-subtitle\">\n\t\t\t\t\t\tAbout us\n\t\t\t\t\t<\/h4><h2 class=\"ekit-heading--title elementskit-section-title\">Your Strategic Partner in Real Estate<\/h2>\t\t\t\t<div class='ekit-heading__description'>\n\t\t\t\t\t<p class=\"translation-block\">We are a team of real estate experts passionate about connecting people with the perfect space for their lives and businesses. Our core mission is to streamline your access to the market\u2019s best opportunities, removing the barriers and complexities typically found in real estate transactions. We understand that behind every deal lies a life project or a strategic investment; that is why our approach is built on the pillars of absolute transparency and legal certainty.<\/p>\n\t\t\t\t<\/div>\n\t\t\t<\/div><\/div>\t\t\t\t<\/div>\n\t\t\t\t<\/div>\n\t\t\t\t<div class=\"elementor-element elementor-element-6799990 elementor-align-left elementor-widget elementor-widget-elementskit-button\" data-id=\"6799990\" data-element_type=\"widget\" data-e-type=\"widget\" data-widget_type=\"elementskit-button.default\">\n\t\t\t\t<div class=\"elementor-widget-container\">\n\t\t\t\t\t<div class=\"ekit-wid-con\" >\t\t<div class=\"ekit-btn-wraper\">\n\t\t\t\t\t\t\t<a href=\"https:\/\/pycliving.com\/en\/contacto\/\" class=\"elementskit-btn  whitespace--normal\" id=\"\">\n\t\t\t\t\tContact<i class=\"icon icon-arrow-right\"><\/i>\t\t\t\t<\/a>\n\t\t\t\t\t<\/div>\n        <\/div>\t\t\t\t<\/div>\n\t\t\t\t<\/div>\n\t\t\t\t<\/div>\n\t\t<div class=\"elementor-element elementor-element-4177c7f6 e-con-full e-flex e-con e-child\" data-id=\"4177c7f6\" data-element_type=\"container\" data-e-type=\"container\">\n\t\t\t\t<div class=\"elementor-element elementor-element-b94b9a7 elementor-widget elementor-widget-image\" data-id=\"b94b9a7\" data-element_type=\"widget\" data-e-type=\"widget\" data-widget_type=\"image.default\">\n\t\t\t\t<div class=\"elementor-widget-container\">\n\t\t\t\t\t\t\t\t\t\t\t\t\t\t\t<img fetchpriority=\"high\" decoding=\"async\" width=\"1024\" height=\"803\" src=\"https:\/\/pycliving.com\/wp-content\/uploads\/2025\/12\/sonriente-joven-moderno-con-traje-tiene-las-llaves-del-apartamento-comprado-en-el-fondo-de-la-inmobiliaria-y-la-oficina-1-1024x803.jpg\" class=\"attachment-large size-large wp-image-19826\" alt=\"\" srcset=\"https:\/\/pycliving.com\/wp-content\/uploads\/2025\/12\/sonriente-joven-moderno-con-traje-tiene-las-llaves-del-apartamento-comprado-en-el-fondo-de-la-inmobiliaria-y-la-oficina-1-1024x803.jpg 1024w, https:\/\/pycliving.com\/wp-content\/uploads\/2025\/12\/sonriente-joven-moderno-con-traje-tiene-las-llaves-del-apartamento-comprado-en-el-fondo-de-la-inmobiliaria-y-la-oficina-1-300x235.jpg 300w, https:\/\/pycliving.com\/wp-content\/uploads\/2025\/12\/sonriente-joven-moderno-con-traje-tiene-las-llaves-del-apartamento-comprado-en-el-fondo-de-la-inmobiliaria-y-la-oficina-1-768x602.jpg 768w, https:\/\/pycliving.com\/wp-content\/uploads\/2025\/12\/sonriente-joven-moderno-con-traje-tiene-las-llaves-del-apartamento-comprado-en-el-fondo-de-la-inmobiliaria-y-la-oficina-1.jpg 1262w\" sizes=\"(max-width: 1024px) 100vw, 1024px\" \/>\t\t\t\t\t\t\t\t\t\t\t\t\t\t\t<\/div>\n\t\t\t\t<\/div>\n\t\t\t\t<\/div>\n\t\t\t\t\t<\/div>\n\t\t\t\t<\/div>\n\t\t\t\t<\/div>","protected":false},"excerpt":{"rendered":"<p>Tu inversi\u00f3n segura con nosotros. Tu \u00e9xito es nuestra historia Somos expertos inmobiliarios dedicados a conectar tus sue\u00f1os con las mejores oportunidades del mercado. Garantizamos transparencia, seguridad y asesoramiento personalizado para que cada inversi\u00f3n o nuevo hogar sea un \u00e9xito total. Acerca de nosotros Tu Socio Estrat\u00e9gico en el Mundo Inmobiliario Somos un grupo de expertos inmobiliarios apasionados por conectar a las personas con &#8230;<\/p>","protected":false},"author":1,"featured_media":0,"parent":0,"menu_order":0,"comment_status":"closed","ping_status":"closed","template":"elementor_header_footer","meta":{"inline_featured_image":false,"_joinchat":[],"footnotes":""},"class_list":["post-19113","page","type-page","status-publish","hentry"],"_links":{"self":[{"href":"https:\/\/pycliving.com\/en\/wp-json\/wp\/v2\/pages\/19113","targetHints":{"allow":["GET"]}}],"collection":[{"href":"https:\/\/pycliving.com\/en\/wp-json\/wp\/v2\/pages"}],"about":[{"href":"https:\/\/pycliving.com\/en\/wp-json\/wp\/v2\/types\/page"}],"author":[{"embeddable":true,"href":"https:\/\/pycliving.com\/en\/wp-json\/wp\/v2\/users\/1"}],"replies":[{"embeddable":true,"href":"https:\/\/pycliving.com\/en\/wp-json\/wp\/v2\/comments?post=19113"}],"version-history":[{"count":64,"href":"https:\/\/pycliving.com\/en\/wp-json\/wp\/v2\/pages\/19113\/revisions"}],"predecessor-version":[{"id":20047,"href":"https:\/\/pycliving.com\/en\/wp-json\/wp\/v2\/pages\/19113\/revisions\/20047"}],"wp:attachment":[{"href":"https:\/\/pycliving.com\/en\/wp-json\/wp\/v2\/media?parent=19113"}],"curies":[{"name":"wp","href":"https:\/\/api.w.org\/{rel}","templated":true}]}}